{"id":12069,"date":"2026-01-11T15:09:25","date_gmt":"2026-01-11T14:09:25","guid":{"rendered":"https:\/\/prowadzimywtancu.pl\/?page_id=12069"},"modified":"2026-01-11T15:10:20","modified_gmt":"2026-01-11T14:10:20","slug":"lokalizacje","status":"publish","type":"page","link":"https:\/\/prowadzimywtancu.pl\/?page_id=12069","title":{"rendered":"LOKALIZACJE"},"content":{"rendered":"\t\t<div data-elementor-type=\"wp-page\" data-elementor-id=\"12069\" class=\"elementor elementor-12069\">\n\t\t\t\t<div class=\"elementor-element elementor-element-1bc1686 e-flex e-con-boxed e-con e-parent\" data-id=\"1bc1686\" data-element_type=\"container\">\n\t\t\t\t\t<div class=\"e-con-inner\">\n\t\t\t\t<div class=\"elementor-element elementor-element-ef80cb8 elementor-widget elementor-widget-spacer\" data-id=\"ef80cb8\" data-element_type=\"widget\" data-widget_type=\"spacer.default\">\n\t\t\t\t<div class=\"elementor-widget-container\">\n\t\t\t\t\t\t\t<div class=\"elementor-spacer\">\n\t\t\t<div class=\"elementor-spacer-inner\"><\/div>\n\t\t<\/div>\n\t\t\t\t\t\t<\/div>\n\t\t\t\t<\/div>\n\t\t\t\t<div class=\"elementor-element elementor-element-0343c44 elementor-widget elementor-widget-text-editor\" data-id=\"0343c44\" data-element_type=\"widget\" data-widget_type=\"text-editor.default\">\n\t\t\t\t<div class=\"elementor-widget-container\">\n\t\t\t\t\t\t\t\t\t<div class=\"nh_extra\"><blockquote class=\"nh_quote bd-l_base bd-c_primary.50 pl_2 m_0\"><div id=\"gwp2fabc92c\"><div id=\"gwp2fabc92ch\"><div class=\"gwp2fabc92cb\" data-color-mode=\"light\" data-message-body=\"true\"><div><span class=\"font\"><span class=\"size\">Lekcje ta\u0144ca odbywaj\u0105 si\u0119 w kilku lokalizacjach :<\/span><\/span><\/div><div><span class=\"font\"><span class=\"size\">pl. Zawiszy (Millenium Plaza) (Ochota)<\/span><\/span><\/div><div><span class=\"font\"><span class=\"size\">ul. Mokotowska (Centrum) nieopodal metra Politechnika<\/span><\/span><\/div><div><span class=\"font\"><span class=\"size\">Al. Prymasa Tysi\u0105clecia 76 (Wola) przy trasie Prymasa Tysi\u0105clecia, nieopodal metra\u00a0 \u00a0 M\u0142yn\u00f3w\u00a0<\/span><\/span><\/div><div><span class=\"font\"><span class=\"size\">ul. Broniewskiego 7 (\u017boliborz) nieopodal Arkadii<\/span><\/span><\/div><div><span class=\"font\"><span class=\"size\">ul. Ossowskiego 11, (Targ\u00f3wek Mieszkaniowy) przy stacji metra Targ\u00f3wek Mieszkaniowy<\/span><\/span><\/div><div><span class=\"font\"><span class=\"size\">ul. \u015aw. Wincentego 130 lok. 51 (Targ\u00f3wek) nieopodal metra Kondratowicza<\/span><\/span><\/div><div><span class=\"font\"><span class=\"size\">ul. \u0141odygowa 14, (Zacisze\/Targ\u00f3wek)<\/span><\/span><\/div><div><span class=\"font\"><span class=\"size\">ul. Rostworowskiego (Bemowo)<\/span><\/span><\/div><div>ul wOLSKA 50 A (Wola) nieopodal stacji metra P\u0142ocka<\/div><\/div><\/div><\/div><\/blockquote><\/div><div>\u00a0<\/div>\t\t\t\t\t\t\t\t<\/div>\n\t\t\t\t<\/div>\n\t\t\t\t<div class=\"elementor-element elementor-element-daad203 elementor-widget elementor-widget-spacer\" data-id=\"daad203\" data-element_type=\"widget\" data-widget_type=\"spacer.default\">\n\t\t\t\t<div class=\"elementor-widget-container\">\n\t\t\t\t\t\t\t<div class=\"elementor-spacer\">\n\t\t\t<div class=\"elementor-spacer-inner\"><\/div>\n\t\t<\/div>\n\t\t\t\t\t\t<\/div>\n\t\t\t\t<\/div>\n\t\t\t\t\t<\/div>\n\t\t\t\t<\/div>\n\t\t<div class=\"elementor-element elementor-element-7d28917 e-flex e-con-boxed e-con e-parent\" data-id=\"7d28917\" data-element_type=\"container\" data-settings=\"{&quot;background_background&quot;:&quot;classic&quot;}\">\n\t\t\t\t\t<div class=\"e-con-inner\">\n\t\t\t\t<div class=\"elementor-element elementor-element-05f314c elementor-widget elementor-widget-spacer\" data-id=\"05f314c\" data-element_type=\"widget\" data-widget_type=\"spacer.default\">\n\t\t\t\t<div class=\"elementor-widget-container\">\n\t\t\t\t\t\t\t<div class=\"elementor-spacer\">\n\t\t\t<div class=\"elementor-spacer-inner\"><\/div>\n\t\t<\/div>\n\t\t\t\t\t\t<\/div>\n\t\t\t\t<\/div>\n\t\t\t\t\t<\/div>\n\t\t\t\t<\/div>\n\t\t\t\t<div class=\"elementor-section elementor-top-section elementor-element elementor-element-7a5dc86 section-padding elementor-section-full_width background-transparent elementor-section-height-default elementor-section-height-default\" data-id=\"7a5dc86\" data-element_type=\"section\">\n\t\t\t\t\t\t<div class=\"elementor-container elementor-column-gap-no\">\n\t\t\t\t\t<div class=\"elementor-column elementor-col-100 elementor-top-column elementor-element elementor-element-5e523ed background-transparent\" data-id=\"5e523ed\" data-element_type=\"column\">\n\t\t\t<div class=\"elementor-widget-wrap elementor-element-populated\">\n\t\t\t\t\t\t<div class=\"elementor-element elementor-element-9f421f7 elementor-absolute elementor-hidden-tablet elementor-hidden-mobile dsn-equal-height h-100 elementor-widget elementor-widget-dsn_bg_mask\" data-id=\"9f421f7\" data-element_type=\"widget\" data-settings=\"{&quot;_position&quot;:&quot;absolute&quot;}\" data-widget_type=\"dsn_bg_mask.default\">\n\t\t\t\t<div class=\"elementor-widget-container\">\n\t\t\t\t\t<div class=\"dsn-bg-mask  background-section\"><\/div>\t\t\t\t<\/div>\n\t\t\t\t<\/div>\n\t\t\t\t<section class=\"elementor-section elementor-inner-section elementor-element elementor-element-e6601c4 container elementor-section-full_width elementor-section-content-middle background-transparent elementor-section-height-default elementor-section-height-default\" data-id=\"e6601c4\" data-element_type=\"section\">\n\t\t\t\t\t\t<div class=\"elementor-container elementor-column-gap-no\">\n\t\t\t\t\t<div class=\"elementor-column elementor-col-50 elementor-inner-column elementor-element elementor-element-25443eb background-transparent\" data-id=\"25443eb\" data-element_type=\"column\">\n\t\t\t<div class=\"elementor-widget-wrap elementor-element-populated\">\n\t\t\t\t\t\t<div class=\"elementor-element elementor-element-0627438 background-transparent elementor-widget elementor-widget-dsn_heading\" data-id=\"0627438\" data-element_type=\"widget\" data-widget_type=\"dsn_heading.default\">\n\t\t\t\t<div class=\"elementor-widget-container\">\n\t\t\t\t\t<h2 class=\"title-h2 dsn-heading-title d-inline-block p-relative  heading-color   \">FORMULARZ KONTAKTOWY<\/h2>\t\t\t\t<\/div>\n\t\t\t\t<\/div>\n\t\t\t\t<div class=\"elementor-element elementor-element-e3bee58 background-transparent elementor-widget elementor-widget-dsn_heading\" data-id=\"e3bee58\" data-element_type=\"widget\" data-widget_type=\"dsn_heading.default\">\n\t\t\t\t<div class=\"elementor-widget-container\">\n\t\t\t\t\t<p class=\"dsn-heading-title d-inline-block p-relative     \">Zacznij swoj\u0105 przygod\u0119 z ta\u0144cem ju\u017c dzi\u015b!<\/p>\t\t\t\t<\/div>\n\t\t\t\t<\/div>\n\t\t\t\t<div class=\"elementor-element elementor-element-c74efe4 elementor-widget elementor-widget-shortcode\" data-id=\"c74efe4\" data-element_type=\"widget\" data-widget_type=\"shortcode.default\">\n\t\t\t\t<div class=\"elementor-widget-container\">\n\t\t\t\t\t\t\t<div class=\"elementor-shortcode\">\n<div class=\"wpcf7 no-js\" id=\"wpcf7-f6164-o1\" lang=\"en-US\" dir=\"ltr\" data-wpcf7-id=\"6164\">\n<div class=\"screen-reader-response\"><p role=\"status\" aria-live=\"polite\" aria-atomic=\"true\"><\/p> <ul><\/ul><\/div>\n<form action=\"\/index.php?rest_route=%2Fwp%2Fv2%2Fpages%2F12069#wpcf7-f6164-o1\" method=\"post\" class=\"wpcf7-form init\" aria-label=\"Contact form\" novalidate=\"novalidate\" data-status=\"init\">\n<div style=\"display: none;\">\n<input type=\"hidden\" name=\"_wpcf7\" value=\"6164\" \/>\n<input type=\"hidden\" name=\"_wpcf7_version\" value=\"6.0.3\" \/>\n<input type=\"hidden\" name=\"_wpcf7_locale\" value=\"en_US\" \/>\n<input type=\"hidden\" name=\"_wpcf7_unit_tag\" value=\"wpcf7-f6164-o1\" \/>\n<input type=\"hidden\" name=\"_wpcf7_container_post\" value=\"0\" \/>\n<input type=\"hidden\" name=\"_wpcf7_posted_data_hash\" value=\"\" \/>\n<\/div>\n<div class=\"dsn-form input__wrap controls\">\n\n <div class=\"form-group\">\n            <div class=\"entry-box\">\n                <span class=\"wpcf7-form-control-wrap\" data-name=\"your-name\"><input size=\"40\" maxlength=\"400\" class=\"wpcf7-form-control wpcf7-text wpcf7-validates-as-required\" aria-required=\"true\" aria-invalid=\"false\" placeholder=\"Twoje imi\u0119\" value=\"\" type=\"text\" name=\"your-name\" \/><\/span>\n            <\/div>\n\n        <\/div>\n  <div class=\"form-group\">\n            <div class=\"entry-box\">\n                <span class=\"wpcf7-form-control-wrap\" data-name=\"your-email\"><input size=\"40\" maxlength=\"400\" class=\"wpcf7-form-control wpcf7-email wpcf7-validates-as-required wpcf7-text wpcf7-validates-as-email\" aria-required=\"true\" aria-invalid=\"false\" placeholder=\"Tw\u00f3j e-mail\" value=\"\" type=\"email\" name=\"your-email\" \/><\/span>\n            <\/div>\n        <\/div>\n\n\n    <div class=\"form-group\">\n        <div class=\"entry-box\">\n            <span class=\"wpcf7-form-control-wrap\" data-name=\"your-message\"><textarea cols=\"40\" rows=\"7\" maxlength=\"2000\" class=\"wpcf7-form-control wpcf7-textarea\" aria-invalid=\"false\" placeholder=\"Napisz jak mo\u017cemy pom\u00f3c...\" name=\"your-message\"><\/textarea><\/span>\n        <\/div>\n    <\/div>\n\n    <div class=\"text-right dsn-def-btn \">\n        <div class=\"d-inline-block justify-content-end\">\n            <div class=\"text-center dsn-btn border-color-heading   move-circle\"\n                 data-dsn=\"parallax\">\n                <input class=\"wpcf7-form-control wpcf7-submit has-spinner\" type=\"submit\" value=\"Wy\u015blij Wiadomo\u015b\u0107\" \/>\n            <\/div>\n        <\/div>\n    <\/div>\n<\/div><div class=\"wpcf7-response-output\" aria-hidden=\"true\"><\/div>\n<\/form>\n<\/div>\n<\/div>\n\t\t\t\t\t\t<\/div>\n\t\t\t\t<\/div>\n\t\t\t\t\t<\/div>\n\t\t<\/div>\n\t\t\t\t<div class=\"elementor-column elementor-col-50 elementor-inner-column elementor-element elementor-element-62a0168 v-light background-theme\" data-id=\"62a0168\" data-element_type=\"column\">\n\t\t\t<div class=\"elementor-widget-wrap elementor-element-populated\">\n\t\t\t\t\t\t<div class=\"elementor-element elementor-element-dc8cc4f icon-left dsn-icon-heading-color elementor-align-left elementor-widget elementor-widget-dsn_service\" data-id=\"dc8cc4f\" data-element_type=\"widget\" data-widget_type=\"dsn_service.default\">\n\t\t\t\t<div class=\"elementor-widget-container\">\n\t\t\t\t\t<div class=\"dsn-grid-layout  dsn-grid  dsn-service  icon-left\" data-dsn-iso=\"dc8cc4f\">\n\n    <div class=\"service-item p-relative grid-item style-box  background-transparent\" >\n\n        <div class=\"service-item-inner number-item h-100\">\n            <div class=\"dsn-icon\"><svg class=\"e-font-icon-svg e-fas-phone-volume\" viewBox=\"0 0 384 512\" xmlns=\"http:\/\/www.w3.org\/2000\/svg\"><path d=\"M97.333 506.966c-129.874-129.874-129.681-340.252 0-469.933 5.698-5.698 14.527-6.632 21.263-2.422l64.817 40.513a17.187 17.187 0 0 1 6.849 20.958l-32.408 81.021a17.188 17.188 0 0 1-17.669 10.719l-55.81-5.58c-21.051 58.261-20.612 122.471 0 179.515l55.811-5.581a17.188 17.188 0 0 1 17.669 10.719l32.408 81.022a17.188 17.188 0 0 1-6.849 20.958l-64.817 40.513a17.19 17.19 0 0 1-21.264-2.422zM247.126 95.473c11.832 20.047 11.832 45.008 0 65.055-3.95 6.693-13.108 7.959-18.718 2.581l-5.975-5.726c-3.911-3.748-4.793-9.622-2.261-14.41a32.063 32.063 0 0 0 0-29.945c-2.533-4.788-1.65-10.662 2.261-14.41l5.975-5.726c5.61-5.378 14.768-4.112 18.718 2.581zm91.787-91.187c60.14 71.604 60.092 175.882 0 247.428-4.474 5.327-12.53 5.746-17.552.933l-5.798-5.557c-4.56-4.371-4.977-11.529-.93-16.379 49.687-59.538 49.646-145.933 0-205.422-4.047-4.85-3.631-12.008.93-16.379l5.798-5.557c5.022-4.813 13.078-4.394 17.552.933zm-45.972 44.941c36.05 46.322 36.108 111.149 0 157.546-4.39 5.641-12.697 6.251-17.856 1.304l-5.818-5.579c-4.4-4.219-4.998-11.095-1.285-15.931 26.536-34.564 26.534-82.572 0-117.134-3.713-4.836-3.115-11.711 1.285-15.931l5.818-5.579c5.159-4.947 13.466-4.337 17.856 1.304z\"><\/path><\/svg><\/div><div class=\"service-content p-relative\"><h4 class=\"service_title  sm-title-block \">telefon:<\/h4> <div class=\"service_description mt-20 max-w570 dsn-auto\"><p><a href=\"call:500400406\">500 400 406<\/a><\/p><\/div> <\/div>\n        <\/div>\n    <\/div>\n    \n\n    <div class=\"service-item p-relative grid-item style-box  background-transparent\" >\n\n        <div class=\"service-item-inner number-item h-100\">\n            <div class=\"dsn-icon\"><svg class=\"e-font-icon-svg e-fas-envelope\" viewBox=\"0 0 512 512\" xmlns=\"http:\/\/www.w3.org\/2000\/svg\"><path d=\"M502.3 190.8c3.9-3.1 9.7-.2 9.7 4.7V400c0 26.5-21.5 48-48 48H48c-26.5 0-48-21.5-48-48V195.6c0-5 5.7-7.8 9.7-4.7 22.4 17.4 52.1 39.5 154.1 113.6 21.1 15.4 56.7 47.8 92.2 47.6 35.7.3 72-32.8 92.3-47.6 102-74.1 131.6-96.3 154-113.7zM256 320c23.2.4 56.6-29.2 73.4-41.4 132.7-96.3 142.8-104.7 173.4-128.7 5.8-4.5 9.2-11.5 9.2-18.9v-19c0-26.5-21.5-48-48-48H48C21.5 64 0 85.5 0 112v19c0 7.4 3.4 14.3 9.2 18.9 30.6 23.9 40.7 32.4 173.4 128.7 16.8 12.2 50.2 41.8 73.4 41.4z\"><\/path><\/svg><\/div><div class=\"service-content p-relative\"><h4 class=\"service_title  sm-title-block \">Mail:<\/h4> <div class=\"service_description mt-20 max-w570 dsn-auto\"><p><a href=\"mailto:kontakt@prowadzimywtancu.pl\">kontakt@prowadzimywtancu.pl<\/a><\/p><\/div> <\/div>\n        <\/div>\n    <\/div>\n    \n\n<\/div>\t\t\t\t<\/div>\n\t\t\t\t<\/div>\n\t\t\t\t\t<\/div>\n\t\t<\/div>\n\t\t\t\t\t<\/div>\n\t\t<\/section>\n\t\t\t\t\t<\/div>\n\t\t<\/div>\n\t\t\t\t\t<\/div>\n\t\t<\/div>\n\t\t\t\t<\/div>\n\t\t","protected":false},"excerpt":{"rendered":"<p>Lekcje ta\u0144ca odbywaj\u0105 si\u0119 w kilku lokalizacjach :pl. Zawiszy (Millenium Plaza) (Ochota)ul. Mokotowska (Centrum) nieopodal metra PolitechnikaAl. Prymasa Tysi\u0105clecia 76 (Wola) przy trasie Prymasa Tysi\u0105clecia, nieopodal metra\u00a0 \u00a0 M\u0142yn\u00f3w\u00a0ul. Broniewskiego 7 (\u017boliborz) nieopodal Arkadiiul. Ossowskiego 11, (Targ\u00f3wek Mieszkaniowy) przy stacji metra Targ\u00f3wek Mieszkaniowyul. \u015aw. Wincentego 130 lok. 51 (Targ\u00f3wek) nieopodal metra Kondratowiczaul. \u0141odygowa 14, (Zacisze\/Targ\u00f3wek)ul. [&hellip;]<\/p>\n","protected":false},"author":1,"featured_media":0,"parent":0,"menu_order":0,"comment_status":"closed","ping_status":"closed","template":"","meta":{"_acf_changed":false,"footnotes":""},"class_list":["post-12069","page","type-page","status-publish","hentry"],"acf":[],"_links":{"self":[{"href":"https:\/\/prowadzimywtancu.pl\/index.php?rest_route=\/wp\/v2\/pages\/12069","targetHints":{"allow":["GET"]}}],"collection":[{"href":"https:\/\/prowadzimywtancu.pl\/index.php?rest_route=\/wp\/v2\/pages"}],"about":[{"href":"https:\/\/prowadzimywtancu.pl\/index.php?rest_route=\/wp\/v2\/types\/page"}],"author":[{"embeddable":true,"href":"https:\/\/prowadzimywtancu.pl\/index.php?rest_route=\/wp\/v2\/users\/1"}],"replies":[{"embeddable":true,"href":"https:\/\/prowadzimywtancu.pl\/index.php?rest_route=%2Fwp%2Fv2%2Fcomments&post=12069"}],"version-history":[{"count":4,"href":"https:\/\/prowadzimywtancu.pl\/index.php?rest_route=\/wp\/v2\/pages\/12069\/revisions"}],"predecessor-version":[{"id":12073,"href":"https:\/\/prowadzimywtancu.pl\/index.php?rest_route=\/wp\/v2\/pages\/12069\/revisions\/12073"}],"wp:attachment":[{"href":"https:\/\/prowadzimywtancu.pl\/index.php?rest_route=%2Fwp%2Fv2%2Fmedia&parent=12069"}],"curies":[{"name":"wp","href":"https:\/\/api.w.org\/{rel}","templated":true}]}}