{"id":3857,"date":"2022-08-15T23:19:51","date_gmt":"2022-08-15T23:19:51","guid":{"rendered":"https:\/\/dsngrid.com\/blackdsn\/?page_id=3857"},"modified":"2025-02-11T00:57:02","modified_gmt":"2025-02-10T23:57:02","slug":"contact-us","status":"publish","type":"page","link":"https:\/\/prowadzimywtancu.pl\/?page_id=3857","title":{"rendered":"Kontakt"},"content":{"rendered":"\t\t<div data-elementor-type=\"wp-page\" data-elementor-id=\"3857\" class=\"elementor elementor-3857\">\n\t\t\t\t\t\t<header class=\"elementor-section elementor-top-section elementor-element elementor-element-2eab388 elementor-section-full_width background-transparent elementor-section-height-default elementor-section-height-default\" data-id=\"2eab388\" data-element_type=\"section\">\n\t\t\t\t\t\t\t<div class=\"elementor-background-overlay\"><\/div>\n\t\t\t\t\t\t\t<div class=\"elementor-container elementor-column-gap-no\">\n\t\t\t\t\t<div class=\"elementor-column elementor-col-100 elementor-top-column elementor-element elementor-element-a049624 container background-transparent\" data-id=\"a049624\" data-element_type=\"column\">\n\t\t\t<div class=\"elementor-widget-wrap elementor-element-populated\">\n\t\t\t\t\t\t<div class=\"elementor-element elementor-element-ad5d99b background-transparent elementor-widget elementor-widget-dsn_heading\" data-id=\"ad5d99b\" data-element_type=\"widget\" data-widget_type=\"dsn_heading.default\">\n\t\t\t\t<div class=\"elementor-widget-container\">\n\t\t\t\t\t<h1 class=\"title-h2 dsn-heading-title d-inline-block p-relative     \">Zawsze jest pora, aby zacz\u0105\u0107 ta\u0144czy\u0107.<\/h1>\t\t\t\t<\/div>\n\t\t\t\t<\/div>\n\t\t\t\t<div class=\"elementor-element elementor-element-edfcf43 elementor-align-left background-transparent elementor-widget elementor-widget-dsn_heading\" data-id=\"edfcf43\" data-element_type=\"widget\" data-widget_type=\"dsn_heading.default\">\n\t\t\t\t<div class=\"elementor-widget-container\">\n\t\t\t\t\t<p class=\"dsn-heading-title d-inline-block p-relative     \">Bez wzgl\u0119du na wiek czy do\u015bwiadczenie \u2013 taniec to przyjemno\u015b\u0107, kt\u00f3r\u0105 mo\u017cesz odkry\u0107 w ka\u017cdej chwili. Do\u0142\u0105cz do naszych zaj\u0119\u0107 i poczuj rado\u015b\u0107 p\u0142yn\u0105c\u0105 z ruchu! Sprawd\u017a nasz\u0105 ofert\u0119 i znajd\u017a kurs idealny dla siebie.<\/p>\t\t\t\t<\/div>\n\t\t\t\t<\/div>\n\t\t\t\t<div class=\"elementor-element elementor-element-4c23cfc dsn-def-btn dsn-hover-icon dsn-icon-heading-color elementor-widget elementor-widget-dsn_button\" data-id=\"4c23cfc\" data-element_type=\"widget\" data-widget_type=\"dsn_button.default\">\n\t\t\t\t<div class=\"elementor-widget-container\">\n\t\t\t\t\t<a class=\"dsn-btn dsn-border border-color-default  background-section   effect-ajax effect-ajax has-icon-left\" href=\"https:\/\/prowadzimywtancu.pl\/?page_id=4313\" data-dsn-text=\"OUR PORTFOLIO\"> <span class=\"dsn-icon dsn-bg-before btn-icon-left heading-color z-index-1\"><svg class=\"e-font-icon-svg e-fas-angle-right\" viewBox=\"0 0 256 512\" xmlns=\"http:\/\/www.w3.org\/2000\/svg\"><path d=\"M224.3 273l-136 136c-9.4 9.4-24.6 9.4-33.9 0l-22.6-22.6c-9.4-9.4-9.4-24.6 0-33.9l96.4-96.4-96.4-96.4c-9.4-9.4-9.4-24.6 0-33.9L54.3 103c9.4-9.4 24.6-9.4 33.9 0l136 136c9.5 9.4 9.5 24.6.1 34z\"><\/path><\/svg><\/span> <span class=\"title-btn p-relative  z-index-1 \">OFERTA<\/span> <\/a>\t\t\t\t<\/div>\n\t\t\t\t<\/div>\n\t\t\t\t<div class=\"elementor-element elementor-element-a4b4967 dsn-position-relative elementor-widget elementor-widget-dsn_image\" data-id=\"a4b4967\" data-element_type=\"widget\" data-widget_type=\"dsn_image.default\">\n\t\t\t\t<div class=\"elementor-widget-container\">\n\t\t\t\t\t\n\n<div class=\"img-box-parallax before-z-index \" data-dsn-triggerhook=\"bottom\" data-dsn-grid=\"move-up\" data-overlay=\"0\">\n\n\t<img fetchpriority=\"high\" decoding=\"async\" width=\"960\" height=\"640\" src=\"https:\/\/prowadzimywtancu.pl\/wp-content\/uploads\/2025\/02\/pexels-marina-cherednichenko-76107021-8591452-1024x683.jpg\" class=\" cover-bg-img has-direction\" alt=\"\" data-dsn-speed=\"30%\" srcset=\"https:\/\/prowadzimywtancu.pl\/wp-content\/uploads\/2025\/02\/pexels-marina-cherednichenko-76107021-8591452-1024x683.jpg 1024w, https:\/\/prowadzimywtancu.pl\/wp-content\/uploads\/2025\/02\/pexels-marina-cherednichenko-76107021-8591452-300x200.jpg 300w, https:\/\/prowadzimywtancu.pl\/wp-content\/uploads\/2025\/02\/pexels-marina-cherednichenko-76107021-8591452-768x512.jpg 768w, https:\/\/prowadzimywtancu.pl\/wp-content\/uploads\/2025\/02\/pexels-marina-cherednichenko-76107021-8591452-1536x1024.jpg 1536w, https:\/\/prowadzimywtancu.pl\/wp-content\/uploads\/2025\/02\/pexels-marina-cherednichenko-76107021-8591452-2048x1365.jpg 2048w, https:\/\/prowadzimywtancu.pl\/wp-content\/uploads\/2025\/02\/pexels-marina-cherednichenko-76107021-8591452-1200x800.jpg 1200w, https:\/\/prowadzimywtancu.pl\/wp-content\/uploads\/2025\/02\/pexels-marina-cherednichenko-76107021-8591452-416x277.jpg 416w\" sizes=\"(max-width: 960px) 100vw, 960px\" \/>\n<\/div>\n\n\t\t\t\t<\/div>\n\t\t\t\t<\/div>\n\t\t\t\t\t<\/div>\n\t\t<\/div>\n\t\t\t\t\t<\/div>\n\t\t<\/header>\n\t\t\t\t<div class=\"elementor-section elementor-top-section elementor-element elementor-element-a65540a section-padding elementor-section-full_width background-transparent elementor-section-height-default elementor-section-height-default\" data-id=\"a65540a\" data-element_type=\"section\">\n\t\t\t\t\t\t<div class=\"elementor-container elementor-column-gap-no\">\n\t\t\t\t\t<div class=\"elementor-column elementor-col-100 elementor-top-column elementor-element elementor-element-c1c6094 background-transparent\" data-id=\"c1c6094\" data-element_type=\"column\">\n\t\t\t<div class=\"elementor-widget-wrap elementor-element-populated\">\n\t\t\t\t\t\t<div class=\"elementor-element elementor-element-a4cf7a5 elementor-absolute elementor-hidden-tablet elementor-hidden-mobile dsn-equal-height h-100 elementor-widget elementor-widget-dsn_bg_mask\" data-id=\"a4cf7a5\" data-element_type=\"widget\" data-settings=\"{&quot;_position&quot;:&quot;absolute&quot;}\" data-widget_type=\"dsn_bg_mask.default\">\n\t\t\t\t<div class=\"elementor-widget-container\">\n\t\t\t\t\t<div class=\"dsn-bg-mask  background-section\"><\/div>\t\t\t\t<\/div>\n\t\t\t\t<\/div>\n\t\t\t\t<section class=\"elementor-section elementor-inner-section elementor-element elementor-element-8390eb4 container elementor-section-full_width elementor-section-content-middle background-transparent elementor-section-height-default elementor-section-height-default\" data-id=\"8390eb4\" data-element_type=\"section\">\n\t\t\t\t\t\t<div class=\"elementor-container elementor-column-gap-no\">\n\t\t\t\t\t<div class=\"elementor-column elementor-col-50 elementor-inner-column elementor-element elementor-element-503d3e8 background-transparent\" data-id=\"503d3e8\" data-element_type=\"column\">\n\t\t\t<div class=\"elementor-widget-wrap elementor-element-populated\">\n\t\t\t\t\t\t<div class=\"elementor-element elementor-element-c5cf03f background-transparent elementor-widget elementor-widget-dsn_heading\" data-id=\"c5cf03f\" data-element_type=\"widget\" data-widget_type=\"dsn_heading.default\">\n\t\t\t\t<div class=\"elementor-widget-container\">\n\t\t\t\t\t<h2 class=\"title-h2 dsn-heading-title d-inline-block p-relative  heading-color   \">SKONTAKTUJ SI\u0118 Z NAMI<\/h2>\t\t\t\t<\/div>\n\t\t\t\t<\/div>\n\t\t\t\t<div class=\"elementor-element elementor-element-e384376 background-transparent elementor-widget elementor-widget-dsn_heading\" data-id=\"e384376\" data-element_type=\"widget\" data-widget_type=\"dsn_heading.default\">\n\t\t\t\t<div class=\"elementor-widget-container\">\n\t\t\t\t\t<p class=\"dsn-heading-title d-inline-block p-relative     \">Masz pytania dotycz\u0105ce zaj\u0119\u0107? Chcesz zapisa\u0107 si\u0119 na kurs lub um\u00f3wi\u0107 na lekcj\u0119 indywidualn\u0105? Napisz do nas lub zadzwo\u0144 \u2013 ch\u0119tnie pomo\u017cemy i doradzimy najlepsze rozwi\u0105zanie!<\/p>\t\t\t\t<\/div>\n\t\t\t\t<\/div>\n\t\t\t\t<div class=\"elementor-element elementor-element-5e0727d elementor-widget elementor-widget-shortcode\" data-id=\"5e0727d\" data-element_type=\"widget\" data-widget_type=\"shortcode.default\">\n\t\t\t\t<div class=\"elementor-widget-container\">\n\t\t\t\t\t\t\t<div class=\"elementor-shortcode\">\n<div class=\"wpcf7 no-js\" id=\"wpcf7-f6164-o1\" lang=\"en-US\" dir=\"ltr\" data-wpcf7-id=\"6164\">\n<div class=\"screen-reader-response\"><p role=\"status\" aria-live=\"polite\" aria-atomic=\"true\"><\/p> <ul><\/ul><\/div>\n<form action=\"\/index.php?rest_route=%2Fwp%2Fv2%2Fpages%2F3857#wpcf7-f6164-o1\" method=\"post\" class=\"wpcf7-form init\" aria-label=\"Contact form\" novalidate=\"novalidate\" data-status=\"init\">\n<div style=\"display: none;\">\n<input type=\"hidden\" name=\"_wpcf7\" value=\"6164\" \/>\n<input type=\"hidden\" name=\"_wpcf7_version\" value=\"6.0.3\" \/>\n<input type=\"hidden\" name=\"_wpcf7_locale\" value=\"en_US\" \/>\n<input type=\"hidden\" name=\"_wpcf7_unit_tag\" value=\"wpcf7-f6164-o1\" \/>\n<input type=\"hidden\" name=\"_wpcf7_container_post\" value=\"0\" \/>\n<input type=\"hidden\" name=\"_wpcf7_posted_data_hash\" value=\"\" \/>\n<\/div>\n<div class=\"dsn-form input__wrap controls\">\n\n <div class=\"form-group\">\n            <div class=\"entry-box\">\n                <span class=\"wpcf7-form-control-wrap\" data-name=\"your-name\"><input size=\"40\" maxlength=\"400\" class=\"wpcf7-form-control wpcf7-text wpcf7-validates-as-required\" aria-required=\"true\" aria-invalid=\"false\" placeholder=\"Twoje imi\u0119\" value=\"\" type=\"text\" name=\"your-name\" \/><\/span>\n            <\/div>\n\n        <\/div>\n  <div class=\"form-group\">\n            <div class=\"entry-box\">\n                <span class=\"wpcf7-form-control-wrap\" data-name=\"your-email\"><input size=\"40\" maxlength=\"400\" class=\"wpcf7-form-control wpcf7-email wpcf7-validates-as-required wpcf7-text wpcf7-validates-as-email\" aria-required=\"true\" aria-invalid=\"false\" placeholder=\"Tw\u00f3j e-mail\" value=\"\" type=\"email\" name=\"your-email\" \/><\/span>\n            <\/div>\n        <\/div>\n\n\n    <div class=\"form-group\">\n        <div class=\"entry-box\">\n            <span class=\"wpcf7-form-control-wrap\" data-name=\"your-message\"><textarea cols=\"40\" rows=\"7\" maxlength=\"2000\" class=\"wpcf7-form-control wpcf7-textarea\" aria-invalid=\"false\" placeholder=\"Napisz jak mo\u017cemy pom\u00f3c...\" name=\"your-message\"><\/textarea><\/span>\n        <\/div>\n    <\/div>\n\n    <div class=\"text-right dsn-def-btn \">\n        <div class=\"d-inline-block justify-content-end\">\n            <div class=\"text-center dsn-btn border-color-heading   move-circle\"\n                 data-dsn=\"parallax\">\n                <input class=\"wpcf7-form-control wpcf7-submit has-spinner\" type=\"submit\" value=\"Wy\u015blij Wiadomo\u015b\u0107\" \/>\n            <\/div>\n        <\/div>\n    <\/div>\n<\/div><div class=\"wpcf7-response-output\" aria-hidden=\"true\"><\/div>\n<\/form>\n<\/div>\n<\/div>\n\t\t\t\t\t\t<\/div>\n\t\t\t\t<\/div>\n\t\t\t\t\t<\/div>\n\t\t<\/div>\n\t\t\t\t<div class=\"elementor-column elementor-col-50 elementor-inner-column elementor-element elementor-element-6b69b4d v-light background-theme\" data-id=\"6b69b4d\" data-element_type=\"column\">\n\t\t\t<div class=\"elementor-widget-wrap elementor-element-populated\">\n\t\t\t\t\t\t<div class=\"elementor-element elementor-element-f10a8f8 icon-left dsn-icon-heading-color elementor-align-left elementor-widget elementor-widget-dsn_service\" data-id=\"f10a8f8\" data-element_type=\"widget\" data-widget_type=\"dsn_service.default\">\n\t\t\t\t<div class=\"elementor-widget-container\">\n\t\t\t\t\t<div class=\"dsn-grid-layout  dsn-grid  dsn-service  icon-left\" data-dsn-iso=\"f10a8f8\">\n\n    <div class=\"service-item p-relative grid-item style-box  background-transparent\" >\n\n        <div class=\"service-item-inner number-item h-100\">\n            <div class=\"dsn-icon\"><svg class=\"e-font-icon-svg e-fas-map-marker-alt\" viewBox=\"0 0 384 512\" xmlns=\"http:\/\/www.w3.org\/2000\/svg\"><path d=\"M172.268 501.67C26.97 291.031 0 269.413 0 192 0 85.961 85.961 0 192 0s192 85.961 192 192c0 77.413-26.97 99.031-172.268 309.67-9.535 13.774-29.93 13.773-39.464 0zM192 272c44.183 0 80-35.817 80-80s-35.817-80-80-80-80 35.817-80 80 35.817 80 80 80z\"><\/path><\/svg><\/div><div class=\"service-content p-relative\"><h4 class=\"service_title  sm-title-block \">WIELE LOKALIZACJI<\/h4> <div class=\"service_description mt-20 max-w570 dsn-auto\"><ul><li>Broniewskiego 7 \u017boliborz<\/li><li>Al. Prymasa Tysi\u0105clecia 76 Wola<\/li><li>Pawlikowskiego 2 Praga Po\u0142udnie<\/li><li>\u0141abiszy\u0144ska 20 Targ\u00f3wek<\/li><\/ul><\/div> <\/div>\n        <\/div>\n    <\/div>\n    \n\n    <div class=\"service-item p-relative grid-item style-box  background-transparent\" >\n\n        <div class=\"service-item-inner number-item h-100\">\n            <div class=\"dsn-icon\"><svg class=\"e-font-icon-svg e-fas-phone-volume\" viewBox=\"0 0 384 512\" xmlns=\"http:\/\/www.w3.org\/2000\/svg\"><path d=\"M97.333 506.966c-129.874-129.874-129.681-340.252 0-469.933 5.698-5.698 14.527-6.632 21.263-2.422l64.817 40.513a17.187 17.187 0 0 1 6.849 20.958l-32.408 81.021a17.188 17.188 0 0 1-17.669 10.719l-55.81-5.58c-21.051 58.261-20.612 122.471 0 179.515l55.811-5.581a17.188 17.188 0 0 1 17.669 10.719l32.408 81.022a17.188 17.188 0 0 1-6.849 20.958l-64.817 40.513a17.19 17.19 0 0 1-21.264-2.422zM247.126 95.473c11.832 20.047 11.832 45.008 0 65.055-3.95 6.693-13.108 7.959-18.718 2.581l-5.975-5.726c-3.911-3.748-4.793-9.622-2.261-14.41a32.063 32.063 0 0 0 0-29.945c-2.533-4.788-1.65-10.662 2.261-14.41l5.975-5.726c5.61-5.378 14.768-4.112 18.718 2.581zm91.787-91.187c60.14 71.604 60.092 175.882 0 247.428-4.474 5.327-12.53 5.746-17.552.933l-5.798-5.557c-4.56-4.371-4.977-11.529-.93-16.379 49.687-59.538 49.646-145.933 0-205.422-4.047-4.85-3.631-12.008.93-16.379l5.798-5.557c5.022-4.813 13.078-4.394 17.552.933zm-45.972 44.941c36.05 46.322 36.108 111.149 0 157.546-4.39 5.641-12.697 6.251-17.856 1.304l-5.818-5.579c-4.4-4.219-4.998-11.095-1.285-15.931 26.536-34.564 26.534-82.572 0-117.134-3.713-4.836-3.115-11.711 1.285-15.931l5.818-5.579c5.159-4.947 13.466-4.337 17.856 1.304z\"><\/path><\/svg><\/div><div class=\"service-content p-relative\"><h4 class=\"service_title  sm-title-block \">Telefon:<\/h4> <div class=\"service_description mt-20 max-w570 dsn-auto\"><p>500 400 406<\/p><\/div> <\/div>\n        <\/div>\n    <\/div>\n    \n\n    <div class=\"service-item p-relative grid-item style-box  background-transparent\" >\n\n        <div class=\"service-item-inner number-item h-100\">\n            <div class=\"dsn-icon\"><svg class=\"e-font-icon-svg e-fas-envelope\" viewBox=\"0 0 512 512\" xmlns=\"http:\/\/www.w3.org\/2000\/svg\"><path d=\"M502.3 190.8c3.9-3.1 9.7-.2 9.7 4.7V400c0 26.5-21.5 48-48 48H48c-26.5 0-48-21.5-48-48V195.6c0-5 5.7-7.8 9.7-4.7 22.4 17.4 52.1 39.5 154.1 113.6 21.1 15.4 56.7 47.8 92.2 47.6 35.7.3 72-32.8 92.3-47.6 102-74.1 131.6-96.3 154-113.7zM256 320c23.2.4 56.6-29.2 73.4-41.4 132.7-96.3 142.8-104.7 173.4-128.7 5.8-4.5 9.2-11.5 9.2-18.9v-19c0-26.5-21.5-48-48-48H48C21.5 64 0 85.5 0 112v19c0 7.4 3.4 14.3 9.2 18.9 30.6 23.9 40.7 32.4 173.4 128.7 16.8 12.2 50.2 41.8 73.4 41.4z\"><\/path><\/svg><\/div><div class=\"service-content p-relative\"><h4 class=\"service_title  sm-title-block \">MAIL:<\/h4> <div class=\"service_description mt-20 max-w570 dsn-auto\"><p>kontakt@prowadzimywtancu.pl<\/p><\/div> <\/div>\n        <\/div>\n    <\/div>\n    \n\n<\/div>\t\t\t\t<\/div>\n\t\t\t\t<\/div>\n\t\t\t\t\t<\/div>\n\t\t<\/div>\n\t\t\t\t\t<\/div>\n\t\t<\/section>\n\t\t\t\t\t<\/div>\n\t\t<\/div>\n\t\t\t\t\t<\/div>\n\t\t<\/div>\n\t\t\t\t<\/div>\n\t\t","protected":false},"excerpt":{"rendered":"<p>Zawsze jest pora, aby zacz\u0105\u0107 ta\u0144czy\u0107. Bez wzgl\u0119du na wiek czy do\u015bwiadczenie \u2013 taniec to przyjemno\u015b\u0107, kt\u00f3r\u0105 mo\u017cesz odkry\u0107 w ka\u017cdej chwili. Do\u0142\u0105cz do naszych zaj\u0119\u0107 i poczuj rado\u015b\u0107 p\u0142yn\u0105c\u0105 z ruchu! Sprawd\u017a nasz\u0105 ofert\u0119 i znajd\u017a kurs idealny dla siebie. OFERTA SKONTAKTUJ SI\u0118 Z NAMI Masz pytania dotycz\u0105ce zaj\u0119\u0107? Chcesz zapisa\u0107 si\u0119 na kurs [&hellip;]<\/p>\n","protected":false},"author":1,"featured_media":0,"parent":0,"menu_order":0,"comment_status":"closed","ping_status":"closed","template":"","meta":{"_acf_changed":false,"footnotes":""},"class_list":["post-3857","page","type-page","status-publish","hentry"],"acf":[],"_links":{"self":[{"href":"https:\/\/prowadzimywtancu.pl\/index.php?rest_route=\/wp\/v2\/pages\/3857","targetHints":{"allow":["GET"]}}],"collection":[{"href":"https:\/\/prowadzimywtancu.pl\/index.php?rest_route=\/wp\/v2\/pages"}],"about":[{"href":"https:\/\/prowadzimywtancu.pl\/index.php?rest_route=\/wp\/v2\/types\/page"}],"author":[{"embeddable":true,"href":"https:\/\/prowadzimywtancu.pl\/index.php?rest_route=\/wp\/v2\/users\/1"}],"replies":[{"embeddable":true,"href":"https:\/\/prowadzimywtancu.pl\/index.php?rest_route=%2Fwp%2Fv2%2Fcomments&post=3857"}],"version-history":[{"count":7,"href":"https:\/\/prowadzimywtancu.pl\/index.php?rest_route=\/wp\/v2\/pages\/3857\/revisions"}],"predecessor-version":[{"id":11868,"href":"https:\/\/prowadzimywtancu.pl\/index.php?rest_route=\/wp\/v2\/pages\/3857\/revisions\/11868"}],"wp:attachment":[{"href":"https:\/\/prowadzimywtancu.pl\/index.php?rest_route=%2Fwp%2Fv2%2Fmedia&parent=3857"}],"curies":[{"name":"wp","href":"https:\/\/api.w.org\/{rel}","templated":true}]}}